{"id":2,"date":"2025-07-08T16:02:27","date_gmt":"2025-07-08T16:02:27","guid":{"rendered":"https:\/\/rossellotramitacion.rkinformatika.online\/?page_id=2"},"modified":"2025-07-09T14:32:59","modified_gmt":"2025-07-09T14:32:59","slug":"inicio","status":"publish","type":"page","link":"https:\/\/rossellotramitacion.com\/en\/","title":{"rendered":"Home"},"content":{"rendered":"\t\t<div data-elementor-type=\"wp-page\" data-elementor-id=\"2\" class=\"elementor elementor-2\" data-elementor-post-type=\"page\">\n\t\t\t\t\t\t<section class=\"elementor-section elementor-top-section elementor-element elementor-element-12bad28 elementor-section-boxed elementor-section-height-default elementor-section-height-default\" data-id=\"12bad28\" data-element_type=\"section\" data-e-type=\"section\" data-settings=\"{&quot;background_background&quot;:&quot;slideshow&quot;,&quot;background_slideshow_gallery&quot;:[{&quot;id&quot;:74,&quot;url&quot;:&quot;https:\\\/\\\/rossellotramitacion.com\\\/wp-content\\\/uploads\\\/2025\\\/07\\\/400.jpg&quot;},{&quot;id&quot;:166,&quot;url&quot;:&quot;https:\\\/\\\/rossellotramitacion.com\\\/wp-content\\\/uploads\\\/2025\\\/07\\\/1207.jpg&quot;}],&quot;background_slideshow_ken_burns&quot;:&quot;yes&quot;,&quot;background_slideshow_loop&quot;:&quot;yes&quot;,&quot;background_slideshow_slide_duration&quot;:5000,&quot;background_slideshow_slide_transition&quot;:&quot;fade&quot;,&quot;background_slideshow_transition_duration&quot;:500,&quot;background_slideshow_ken_burns_zoom_direction&quot;:&quot;in&quot;}\">\n\t\t\t\t\t\t\t<div class=\"elementor-background-overlay\"><\/div>\n\t\t\t\t\t\t\t<div class=\"elementor-container elementor-column-gap-default\">\n\t\t\t\t\t<div class=\"elementor-column elementor-col-100 elementor-top-column elementor-element elementor-element-c193397\" data-id=\"c193397\" data-element_type=\"column\" data-e-type=\"column\">\n\t\t\t<div class=\"elementor-widget-wrap elementor-element-populated\">\n\t\t\t\t\t\t<div class=\"elementor-element elementor-element-a3387b5 elementor-invisible elementor-widget elementor-widget-heading\" data-id=\"a3387b5\" data-element_type=\"widget\" data-e-type=\"widget\" data-settings=\"{&quot;_animation&quot;:&quot;slideInLeft&quot;}\" data-widget_type=\"heading.default\">\n\t\t\t\t\t<h2 class=\"elementor-heading-title elementor-size-default\">Asesor\u00eda y Tramitaciones<\/h2>\t\t\t\t<\/div>\n\t\t\t\t\t<\/div>\n\t\t<\/div>\n\t\t\t\t\t<\/div>\n\t\t<\/section>\n\t\t\t\t<section class=\"elementor-section elementor-top-section elementor-element elementor-element-3959272 elementor-section-boxed elementor-section-height-default elementor-section-height-default elementor-invisible\" data-id=\"3959272\" data-element_type=\"section\" data-e-type=\"section\" data-settings=\"{&quot;animation&quot;:&quot;fadeInRight&quot;}\">\n\t\t\t\t\t\t<div class=\"elementor-container elementor-column-gap-default\">\n\t\t\t\t\t<div class=\"elementor-column elementor-col-50 elementor-top-column elementor-element elementor-element-b89ce52\" data-id=\"b89ce52\" data-element_type=\"column\" data-e-type=\"column\">\n\t\t\t<div class=\"elementor-widget-wrap elementor-element-populated\">\n\t\t\t\t\t\t<div class=\"elementor-element elementor-element-2db1f58 elementor-invisible elementor-widget elementor-widget-heading\" data-id=\"2db1f58\" data-element_type=\"widget\" data-e-type=\"widget\" data-settings=\"{&quot;_animation&quot;:&quot;fadeIn&quot;,&quot;_animation_delay&quot;:100}\" data-widget_type=\"heading.default\">\n\t\t\t\t\t<h2 class=\"elementor-heading-title elementor-size-default\">Sobre Nosotros <\/h2>\t\t\t\t<\/div>\n\t\t\t\t<div class=\"elementor-element elementor-element-2ac4a2a elementor-widget elementor-widget-text-editor\" data-id=\"2ac4a2a\" data-element_type=\"widget\" data-e-type=\"widget\" data-widget_type=\"text-editor.default\">\n\t\t\t\t\t\t\t\t\t<p>Entidad dedicada al Asesoramiento y Tramitaci\u00f3n desde hace m\u00e1s de 5 a\u00f1os, brindando soluciones efectivas a nuestros clientes.<\/p><p>Rossello Tramitacion Sl se establece en la localidad de Alaro, ubicada en la provincia de Illes Balears. La sociedad desempe\u00f1a la actividad clasificada como Actividades Jur\u00eddicas y de Contabilidad.<\/p>\t\t\t\t\t\t\t\t<\/div>\n\t\t\t\t\t<\/div>\n\t\t<\/div>\n\t\t\t\t<div class=\"elementor-column elementor-col-50 elementor-top-column elementor-element elementor-element-7b26abd\" data-id=\"7b26abd\" data-element_type=\"column\" data-e-type=\"column\">\n\t\t\t<div class=\"elementor-widget-wrap elementor-element-populated\">\n\t\t\t\t\t\t<div class=\"elementor-element elementor-element-4cabd03 elementor-widget elementor-widget-image\" data-id=\"4cabd03\" data-element_type=\"widget\" data-e-type=\"widget\" data-widget_type=\"image.default\">\n\t\t\t\t\t\t\t\t\t\t\t\t\t\t\t<img fetchpriority=\"high\" decoding=\"async\" width=\"1000\" height=\"667\" src=\"https:\/\/rossellotramitacion.com\/wp-content\/uploads\/2025\/07\/1142.jpg\" class=\"elementor-animation-buzz-out attachment-full size-full wp-image-78\" alt=\"\" srcset=\"https:\/\/rossellotramitacion.com\/wp-content\/uploads\/2025\/07\/1142.jpg 1000w, https:\/\/rossellotramitacion.com\/wp-content\/uploads\/2025\/07\/1142-300x200.jpg 300w, https:\/\/rossellotramitacion.com\/wp-content\/uploads\/2025\/07\/1142-768x512.jpg 768w, https:\/\/rossellotramitacion.com\/wp-content\/uploads\/2025\/07\/1142-18x12.jpg 18w\" sizes=\"(max-width: 1000px) 100vw, 1000px\" \/>\t\t\t\t\t\t\t\t\t\t\t\t\t\t\t<\/div>\n\t\t\t\t\t<\/div>\n\t\t<\/div>\n\t\t\t\t\t<\/div>\n\t\t<\/section>\n\t\t<div class=\"elementor-element elementor-element-726655d e-flex e-con-boxed e-con e-parent\" data-id=\"726655d\" data-element_type=\"container\" data-e-type=\"container\" data-settings=\"{&quot;background_background&quot;:&quot;classic&quot;}\">\n\t\t\t\t\t<div class=\"e-con-inner\">\n\t\t\t\t<div class=\"elementor-element elementor-element-16a98cc elementor-invisible elementor-widget elementor-widget-heading\" data-id=\"16a98cc\" data-element_type=\"widget\" data-e-type=\"widget\" data-settings=\"{&quot;_animation&quot;:&quot;fadeInRight&quot;}\" data-widget_type=\"heading.default\">\n\t\t\t\t\t<h2 class=\"elementor-heading-title elementor-size-default\">Sabemos que las finanzas son muy importantes, le brindamos la mejor soluci\u00f3n<\/h2>\t\t\t\t<\/div>\n\t\t\t\t<div class=\"elementor-element elementor-element-0fa5eb2 elementor-invisible elementor-widget elementor-widget-button\" data-id=\"0fa5eb2\" data-element_type=\"widget\" data-e-type=\"widget\" data-settings=\"{&quot;_animation&quot;:&quot;fadeInLeft&quot;}\" data-widget_type=\"button.default\">\n\t\t\t\t\t\t\t\t\t\t<a class=\"elementor-button elementor-button-link elementor-size-sm elementor-animation-float\" href=\"\/servicios\">\n\t\t\t\t\t\t<span class=\"elementor-button-content-wrapper\">\n\t\t\t\t\t\t\t\t\t<span class=\"elementor-button-text\">Nuestros Servicios<\/span>\n\t\t\t\t\t<\/span>\n\t\t\t\t\t<\/a>\n\t\t\t\t\t\t\t\t<\/div>\n\t\t\t\t\t<\/div>\n\t\t\t\t<\/div>\n\t\t\t\t<section class=\"elementor-section elementor-top-section elementor-element elementor-element-29acc4e elementor-section-boxed elementor-section-height-default elementor-section-height-default elementor-invisible\" data-id=\"29acc4e\" data-element_type=\"section\" data-e-type=\"section\" data-settings=\"{&quot;animation&quot;:&quot;fadeInLeft&quot;}\">\n\t\t\t\t\t\t<div class=\"elementor-container elementor-column-gap-default\">\n\t\t\t\t\t<div class=\"elementor-column elementor-col-50 elementor-top-column elementor-element elementor-element-b1da85f\" data-id=\"b1da85f\" data-element_type=\"column\" data-e-type=\"column\">\n\t\t\t<div class=\"elementor-widget-wrap elementor-element-populated\">\n\t\t\t\t\t\t<div class=\"elementor-element elementor-element-1e15a13 elementor-widget elementor-widget-image\" data-id=\"1e15a13\" data-element_type=\"widget\" data-e-type=\"widget\" data-widget_type=\"image.default\">\n\t\t\t\t\t\t\t\t\t\t\t\t\t\t\t<img decoding=\"async\" width=\"1500\" height=\"1000\" src=\"https:\/\/rossellotramitacion.com\/wp-content\/uploads\/2025\/07\/1060.jpg\" class=\"elementor-animation-buzz attachment-full size-full wp-image-92\" alt=\"\" srcset=\"https:\/\/rossellotramitacion.com\/wp-content\/uploads\/2025\/07\/1060.jpg 1500w, https:\/\/rossellotramitacion.com\/wp-content\/uploads\/2025\/07\/1060-300x200.jpg 300w, https:\/\/rossellotramitacion.com\/wp-content\/uploads\/2025\/07\/1060-1024x683.jpg 1024w, https:\/\/rossellotramitacion.com\/wp-content\/uploads\/2025\/07\/1060-768x512.jpg 768w, https:\/\/rossellotramitacion.com\/wp-content\/uploads\/2025\/07\/1060-18x12.jpg 18w\" sizes=\"(max-width: 1500px) 100vw, 1500px\" \/>\t\t\t\t\t\t\t\t\t\t\t\t\t\t\t<\/div>\n\t\t\t\t<div class=\"elementor-element elementor-element-0f6ca8e elementor-align-center elementor-invisible elementor-widget elementor-widget-button\" data-id=\"0f6ca8e\" data-element_type=\"widget\" data-e-type=\"widget\" data-settings=\"{&quot;_animation&quot;:&quot;fadeInLeft&quot;}\" data-widget_type=\"button.default\">\n\t\t\t\t\t\t\t\t\t\t<a class=\"elementor-button elementor-button-link elementor-size-sm elementor-animation-float\" href=\"\/servicios\">\n\t\t\t\t\t\t<span class=\"elementor-button-content-wrapper\">\n\t\t\t\t\t\t\t\t\t<span class=\"elementor-button-text\">Nuestros Servicios<\/span>\n\t\t\t\t\t<\/span>\n\t\t\t\t\t<\/a>\n\t\t\t\t\t\t\t\t<\/div>\n\t\t\t\t\t<\/div>\n\t\t<\/div>\n\t\t\t\t<div class=\"elementor-column elementor-col-50 elementor-top-column elementor-element elementor-element-c5a037f\" data-id=\"c5a037f\" data-element_type=\"column\" data-e-type=\"column\">\n\t\t\t<div class=\"elementor-widget-wrap elementor-element-populated\">\n\t\t\t\t\t\t<div class=\"elementor-element elementor-element-7efd595 elementor-invisible elementor-widget elementor-widget-heading\" data-id=\"7efd595\" data-element_type=\"widget\" data-e-type=\"widget\" data-settings=\"{&quot;_animation&quot;:&quot;fadeIn&quot;,&quot;_animation_delay&quot;:100}\" data-widget_type=\"heading.default\">\n\t\t\t\t\t<h2 class=\"elementor-heading-title elementor-size-default\">Tenemos la mejor composici\u00f3n para sus recursos financieros y modelos de ingresos<\/h2>\t\t\t\t<\/div>\n\t\t\t\t<div class=\"elementor-element elementor-element-4e53099 elementor-icon-list--layout-traditional elementor-list-item-link-full_width elementor-widget elementor-widget-icon-list\" data-id=\"4e53099\" data-element_type=\"widget\" data-e-type=\"widget\" data-widget_type=\"icon-list.default\">\n\t\t\t\t\t\t\t<ul class=\"elementor-icon-list-items\">\n\t\t\t\t\t\t\t<li class=\"elementor-icon-list-item\">\n\t\t\t\t\t\t\t\t\t\t\t<span class=\"elementor-icon-list-icon\">\n\t\t\t\t\t\t\t<svg aria-hidden=\"true\" class=\"e-font-icon-svg e-fas-coins\" viewBox=\"0 0 512 512\" xmlns=\"http:\/\/www.w3.org\/2000\/svg\"><path d=\"M0 405.3V448c0 35.3 86 64 192 64s192-28.7 192-64v-42.7C342.7 434.4 267.2 448 192 448S41.3 434.4 0 405.3zM320 128c106 0 192-28.7 192-64S426 0 320 0 128 28.7 128 64s86 64 192 64zM0 300.4V352c0 35.3 86 64 192 64s192-28.7 192-64v-51.6c-41.3 34-116.9 51.6-192 51.6S41.3 334.4 0 300.4zm416 11c57.3-11.1 96-31.7 96-55.4v-42.7c-23.2 16.4-57.3 27.6-96 34.5v63.6zM192 160C86 160 0 195.8 0 240s86 80 192 80 192-35.8 192-80-86-80-192-80zm219.3 56.3c60-10.8 100.7-32 100.7-56.3v-42.7c-35.5 25.1-96.5 38.6-160.7 41.8 29.5 14.3 51.2 33.5 60 57.2z\"><\/path><\/svg>\t\t\t\t\t\t<\/span>\n\t\t\t\t\t\t\t\t\t\t<span class=\"elementor-icon-list-text\">Gesti\u00f3n de inversi\u00f3n de dinero<\/span>\n\t\t\t\t\t\t\t\t\t<\/li>\n\t\t\t\t\t\t\t\t<li class=\"elementor-icon-list-item\">\n\t\t\t\t\t\t\t\t\t\t\t<span class=\"elementor-icon-list-icon\">\n\t\t\t\t\t\t\t<svg aria-hidden=\"true\" class=\"e-font-icon-svg e-fas-user-cog\" viewBox=\"0 0 640 512\" xmlns=\"http:\/\/www.w3.org\/2000\/svg\"><path d=\"M610.5 373.3c2.6-14.1 2.6-28.5 0-42.6l25.8-14.9c3-1.7 4.3-5.2 3.3-8.5-6.7-21.6-18.2-41.2-33.2-57.4-2.3-2.5-6-3.1-9-1.4l-25.8 14.9c-10.9-9.3-23.4-16.5-36.9-21.3v-29.8c0-3.4-2.4-6.4-5.7-7.1-22.3-5-45-4.8-66.2 0-3.3.7-5.7 3.7-5.7 7.1v29.8c-13.5 4.8-26 12-36.9 21.3l-25.8-14.9c-2.9-1.7-6.7-1.1-9 1.4-15 16.2-26.5 35.8-33.2 57.4-1 3.3.4 6.8 3.3 8.5l25.8 14.9c-2.6 14.1-2.6 28.5 0 42.6l-25.8 14.9c-3 1.7-4.3 5.2-3.3 8.5 6.7 21.6 18.2 41.1 33.2 57.4 2.3 2.5 6 3.1 9 1.4l25.8-14.9c10.9 9.3 23.4 16.5 36.9 21.3v29.8c0 3.4 2.4 6.4 5.7 7.1 22.3 5 45 4.8 66.2 0 3.3-.7 5.7-3.7 5.7-7.1v-29.8c13.5-4.8 26-12 36.9-21.3l25.8 14.9c2.9 1.7 6.7 1.1 9-1.4 15-16.2 26.5-35.8 33.2-57.4 1-3.3-.4-6.8-3.3-8.5l-25.8-14.9zM496 400.5c-26.8 0-48.5-21.8-48.5-48.5s21.8-48.5 48.5-48.5 48.5 21.8 48.5 48.5-21.7 48.5-48.5 48.5zM224 256c70.7 0 128-57.3 128-128S294.7 0 224 0 96 57.3 96 128s57.3 128 128 128zm201.2 226.5c-2.3-1.2-4.6-2.6-6.8-3.9l-7.9 4.6c-6 3.4-12.8 5.3-19.6 5.3-10.9 0-21.4-4.6-28.9-12.6-18.3-19.8-32.3-43.9-40.2-69.6-5.5-17.7 1.9-36.4 17.9-45.7l7.9-4.6c-.1-2.6-.1-5.2 0-7.8l-7.9-4.6c-16-9.2-23.4-28-17.9-45.7.9-2.9 2.2-5.8 3.2-8.7-3.8-.3-7.5-1.2-11.4-1.2h-16.7c-22.2 10.2-46.9 16-72.9 16s-50.6-5.8-72.9-16h-16.7C60.2 288 0 348.2 0 422.4V464c0 26.5 21.5 48 48 48h352c10.1 0 19.5-3.2 27.2-8.5-1.2-3.8-2-7.7-2-11.8v-9.2z\"><\/path><\/svg>\t\t\t\t\t\t<\/span>\n\t\t\t\t\t\t\t\t\t\t<span class=\"elementor-icon-list-text\">Sociedad Comercial Legal<\/span>\n\t\t\t\t\t\t\t\t\t<\/li>\n\t\t\t\t\t\t\t\t<li class=\"elementor-icon-list-item\">\n\t\t\t\t\t\t\t\t\t\t\t<span class=\"elementor-icon-list-icon\">\n\t\t\t\t\t\t\t<svg aria-hidden=\"true\" class=\"e-font-icon-svg e-fas-hand-holding-usd\" viewBox=\"0 0 576 512\" xmlns=\"http:\/\/www.w3.org\/2000\/svg\"><path d=\"M271.06,144.3l54.27,14.3a8.59,8.59,0,0,1,6.63,8.1c0,4.6-4.09,8.4-9.12,8.4h-35.6a30,30,0,0,1-11.19-2.2c-5.24-2.2-11.28-1.7-15.3,2l-19,17.5a11.68,11.68,0,0,0-2.25,2.66,11.42,11.42,0,0,0,3.88,15.74,83.77,83.77,0,0,0,34.51,11.5V240c0,8.8,7.83,16,17.37,16h17.37c9.55,0,17.38-7.2,17.38-16V222.4c32.93-3.6,57.84-31,53.5-63-3.15-23-22.46-41.3-46.56-47.7L282.68,97.4a8.59,8.59,0,0,1-6.63-8.1c0-4.6,4.09-8.4,9.12-8.4h35.6A30,30,0,0,1,332,83.1c5.23,2.2,11.28,1.7,15.3-2l19-17.5A11.31,11.31,0,0,0,368.47,61a11.43,11.43,0,0,0-3.84-15.78,83.82,83.82,0,0,0-34.52-11.5V16c0-8.8-7.82-16-17.37-16H295.37C285.82,0,278,7.2,278,16V33.6c-32.89,3.6-57.85,31-53.51,63C227.63,119.6,247,137.9,271.06,144.3ZM565.27,328.1c-11.8-10.7-30.2-10-42.6,0L430.27,402a63.64,63.64,0,0,1-40,14H272a16,16,0,0,1,0-32h78.29c15.9,0,30.71-10.9,33.25-26.6a31.2,31.2,0,0,0,.46-5.46A32,32,0,0,0,352,320H192a117.66,117.66,0,0,0-74.1,26.29L71.4,384H16A16,16,0,0,0,0,400v96a16,16,0,0,0,16,16H372.77a64,64,0,0,0,40-14L564,377a32,32,0,0,0,1.28-48.9Z\"><\/path><\/svg>\t\t\t\t\t\t<\/span>\n\t\t\t\t\t\t\t\t\t\t<span class=\"elementor-icon-list-text\">Especialista en impuestos<\/span>\n\t\t\t\t\t\t\t\t\t<\/li>\n\t\t\t\t\t\t<\/ul>\n\t\t\t\t\t\t<\/div>\n\t\t\t\t\t<\/div>\n\t\t<\/div>\n\t\t\t\t\t<\/div>\n\t\t<\/section>\n\t\t\t\t<\/div>\n\t\t","protected":false},"excerpt":{"rendered":"<p>Asesor\u00eda y Tramitaciones Sobre Nosotros Entidad dedicada al Asesoramiento y Tramitaci\u00f3n desde hace m\u00e1s de 5 a\u00f1os, brindando soluciones efectivas a nuestros clientes. Rossello Tramitacion Sl se establece en la localidad de Alaro, ubicada en la provincia de Illes Balears. La sociedad desempe\u00f1a la actividad clasificada como Actividades Jur\u00eddicas y de Contabilidad. Sabemos que las [&hellip;]<\/p>\n","protected":false},"author":1,"featured_media":0,"parent":0,"menu_order":0,"comment_status":"closed","ping_status":"closed","template":"elementor_canvas","meta":{"footnotes":""},"class_list":["post-2","page","type-page","status-publish","hentry"],"yoast_head":"<!-- This site is optimized with the Yoast SEO plugin v27.3 - https:\/\/yoast.com\/product\/yoast-seo-wordpress\/ -->\n<title>Inicio - Rossello Tramitaci\u00f3n<\/title>\n<meta name=\"robots\" content=\"index, follow, max-snippet:-1, max-image-preview:large, max-video-preview:-1\" \/>\n<link rel=\"canonical\" href=\"https:\/\/rossellotramitacion.com\/en\/\" \/>\n<meta property=\"og:locale\" content=\"en_US\" \/>\n<meta property=\"og:type\" content=\"article\" \/>\n<meta property=\"og:title\" content=\"Inicio - Rossello Tramitaci\u00f3n\" \/>\n<meta property=\"og:description\" content=\"Asesor\u00eda y Tramitaciones Sobre Nosotros Entidad dedicada al Asesoramiento y Tramitaci\u00f3n desde hace m\u00e1s de 5 a\u00f1os, brindando soluciones efectivas a nuestros clientes. Rossello Tramitacion Sl se establece en la localidad de Alaro, ubicada en la provincia de Illes Balears. La sociedad desempe\u00f1a la actividad clasificada como Actividades Jur\u00eddicas y de Contabilidad. Sabemos que las [&hellip;]\" \/>\n<meta property=\"og:url\" content=\"https:\/\/rossellotramitacion.com\/en\/\" \/>\n<meta property=\"og:site_name\" content=\"Rossello Tramitaci\u00f3n\" \/>\n<meta property=\"article:modified_time\" content=\"2025-07-09T14:32:59+00:00\" \/>\n<meta property=\"og:image\" content=\"https:\/\/rossellotramitacion.com\/wp-content\/uploads\/2025\/07\/1142.jpg\" \/>\n<meta name=\"twitter:card\" content=\"summary_large_image\" \/>\n<meta name=\"twitter:label1\" content=\"Est. reading time\" \/>\n\t<meta name=\"twitter:data1\" content=\"1 minute\" \/>\n<script type=\"application\/ld+json\" class=\"yoast-schema-graph\">{\"@context\":\"https:\\\/\\\/schema.org\",\"@graph\":[{\"@type\":\"WebPage\",\"@id\":\"https:\\\/\\\/rossellotramitacion.com\\\/\",\"url\":\"https:\\\/\\\/rossellotramitacion.com\\\/\",\"name\":\"Inicio - Rossello Tramitaci\u00f3n\",\"isPartOf\":{\"@id\":\"https:\\\/\\\/rossellotramitacion.com\\\/#website\"},\"primaryImageOfPage\":{\"@id\":\"https:\\\/\\\/rossellotramitacion.com\\\/#primaryimage\"},\"image\":{\"@id\":\"https:\\\/\\\/rossellotramitacion.com\\\/#primaryimage\"},\"thumbnailUrl\":\"https:\\\/\\\/rossellotramitacion.com\\\/wp-content\\\/uploads\\\/2025\\\/07\\\/1142.jpg\",\"datePublished\":\"2025-07-08T16:02:27+00:00\",\"dateModified\":\"2025-07-09T14:32:59+00:00\",\"breadcrumb\":{\"@id\":\"https:\\\/\\\/rossellotramitacion.com\\\/#breadcrumb\"},\"inLanguage\":\"en-US\",\"potentialAction\":[{\"@type\":\"ReadAction\",\"target\":[\"https:\\\/\\\/rossellotramitacion.com\\\/\"]}]},{\"@type\":\"ImageObject\",\"inLanguage\":\"en-US\",\"@id\":\"https:\\\/\\\/rossellotramitacion.com\\\/#primaryimage\",\"url\":\"https:\\\/\\\/rossellotramitacion.com\\\/wp-content\\\/uploads\\\/2025\\\/07\\\/1142.jpg\",\"contentUrl\":\"https:\\\/\\\/rossellotramitacion.com\\\/wp-content\\\/uploads\\\/2025\\\/07\\\/1142.jpg\"},{\"@type\":\"BreadcrumbList\",\"@id\":\"https:\\\/\\\/rossellotramitacion.com\\\/#breadcrumb\",\"itemListElement\":[{\"@type\":\"ListItem\",\"position\":1,\"name\":\"Portada\",\"item\":\"https:\\\/\\\/rossellotramitacion.com\\\/\"},{\"@type\":\"ListItem\",\"position\":2,\"name\":\"Inicio\"}]},{\"@type\":\"WebSite\",\"@id\":\"https:\\\/\\\/rossellotramitacion.com\\\/#website\",\"url\":\"https:\\\/\\\/rossellotramitacion.com\\\/\",\"name\":\"Rossello Tramitaci\u00f3n\",\"description\":\"Rossello Tramitaci\u00f3n\",\"publisher\":{\"@id\":\"https:\\\/\\\/rossellotramitacion.com\\\/#organization\"},\"potentialAction\":[{\"@type\":\"SearchAction\",\"target\":{\"@type\":\"EntryPoint\",\"urlTemplate\":\"https:\\\/\\\/rossellotramitacion.com\\\/?s={search_term_string}\"},\"query-input\":{\"@type\":\"PropertyValueSpecification\",\"valueRequired\":true,\"valueName\":\"search_term_string\"}}],\"inLanguage\":\"en-US\"},{\"@type\":\"Organization\",\"@id\":\"https:\\\/\\\/rossellotramitacion.com\\\/#organization\",\"name\":\"Rossello Tramitaci\u00f3n\",\"url\":\"https:\\\/\\\/rossellotramitacion.com\\\/\",\"logo\":{\"@type\":\"ImageObject\",\"inLanguage\":\"en-US\",\"@id\":\"https:\\\/\\\/rossellotramitacion.com\\\/#\\\/schema\\\/logo\\\/image\\\/\",\"url\":\"https:\\\/\\\/rossellotramitacion.com\\\/wp-content\\\/uploads\\\/2025\\\/07\\\/cropped-logo_rojo_p-removebg-preview.png\",\"contentUrl\":\"https:\\\/\\\/rossellotramitacion.com\\\/wp-content\\\/uploads\\\/2025\\\/07\\\/cropped-logo_rojo_p-removebg-preview.png\",\"width\":340,\"height\":104,\"caption\":\"Rossello Tramitaci\u00f3n\"},\"image\":{\"@id\":\"https:\\\/\\\/rossellotramitacion.com\\\/#\\\/schema\\\/logo\\\/image\\\/\"}}]}<\/script>\n<!-- \/ Yoast SEO plugin. -->","yoast_head_json":{"title":"Inicio - Rossello Tramitaci\u00f3n","robots":{"index":"index","follow":"follow","max-snippet":"max-snippet:-1","max-image-preview":"max-image-preview:large","max-video-preview":"max-video-preview:-1"},"canonical":"https:\/\/rossellotramitacion.com\/en\/","og_locale":"en_US","og_type":"article","og_title":"Inicio - Rossello Tramitaci\u00f3n","og_description":"Asesor\u00eda y Tramitaciones Sobre Nosotros Entidad dedicada al Asesoramiento y Tramitaci\u00f3n desde hace m\u00e1s de 5 a\u00f1os, brindando soluciones efectivas a nuestros clientes. Rossello Tramitacion Sl se establece en la localidad de Alaro, ubicada en la provincia de Illes Balears. La sociedad desempe\u00f1a la actividad clasificada como Actividades Jur\u00eddicas y de Contabilidad. Sabemos que las [&hellip;]","og_url":"https:\/\/rossellotramitacion.com\/en\/","og_site_name":"Rossello Tramitaci\u00f3n","article_modified_time":"2025-07-09T14:32:59+00:00","og_image":[{"url":"https:\/\/rossellotramitacion.com\/wp-content\/uploads\/2025\/07\/1142.jpg","type":"","width":"","height":""}],"twitter_card":"summary_large_image","twitter_misc":{"Est. reading time":"1 minute"},"schema":{"@context":"https:\/\/schema.org","@graph":[{"@type":"WebPage","@id":"https:\/\/rossellotramitacion.com\/","url":"https:\/\/rossellotramitacion.com\/","name":"Inicio - Rossello Tramitaci\u00f3n","isPartOf":{"@id":"https:\/\/rossellotramitacion.com\/#website"},"primaryImageOfPage":{"@id":"https:\/\/rossellotramitacion.com\/#primaryimage"},"image":{"@id":"https:\/\/rossellotramitacion.com\/#primaryimage"},"thumbnailUrl":"https:\/\/rossellotramitacion.com\/wp-content\/uploads\/2025\/07\/1142.jpg","datePublished":"2025-07-08T16:02:27+00:00","dateModified":"2025-07-09T14:32:59+00:00","breadcrumb":{"@id":"https:\/\/rossellotramitacion.com\/#breadcrumb"},"inLanguage":"en-US","potentialAction":[{"@type":"ReadAction","target":["https:\/\/rossellotramitacion.com\/"]}]},{"@type":"ImageObject","inLanguage":"en-US","@id":"https:\/\/rossellotramitacion.com\/#primaryimage","url":"https:\/\/rossellotramitacion.com\/wp-content\/uploads\/2025\/07\/1142.jpg","contentUrl":"https:\/\/rossellotramitacion.com\/wp-content\/uploads\/2025\/07\/1142.jpg"},{"@type":"BreadcrumbList","@id":"https:\/\/rossellotramitacion.com\/#breadcrumb","itemListElement":[{"@type":"ListItem","position":1,"name":"Portada","item":"https:\/\/rossellotramitacion.com\/"},{"@type":"ListItem","position":2,"name":"Inicio"}]},{"@type":"WebSite","@id":"https:\/\/rossellotramitacion.com\/#website","url":"https:\/\/rossellotramitacion.com\/","name":"Rossello Tramitaci\u00f3n","description":"Rossello Tramitaci\u00f3n","publisher":{"@id":"https:\/\/rossellotramitacion.com\/#organization"},"potentialAction":[{"@type":"SearchAction","target":{"@type":"EntryPoint","urlTemplate":"https:\/\/rossellotramitacion.com\/?s={search_term_string}"},"query-input":{"@type":"PropertyValueSpecification","valueRequired":true,"valueName":"search_term_string"}}],"inLanguage":"en-US"},{"@type":"Organization","@id":"https:\/\/rossellotramitacion.com\/#organization","name":"Rossello Tramitaci\u00f3n","url":"https:\/\/rossellotramitacion.com\/","logo":{"@type":"ImageObject","inLanguage":"en-US","@id":"https:\/\/rossellotramitacion.com\/#\/schema\/logo\/image\/","url":"https:\/\/rossellotramitacion.com\/wp-content\/uploads\/2025\/07\/cropped-logo_rojo_p-removebg-preview.png","contentUrl":"https:\/\/rossellotramitacion.com\/wp-content\/uploads\/2025\/07\/cropped-logo_rojo_p-removebg-preview.png","width":340,"height":104,"caption":"Rossello Tramitaci\u00f3n"},"image":{"@id":"https:\/\/rossellotramitacion.com\/#\/schema\/logo\/image\/"}}]}},"_links":{"self":[{"href":"https:\/\/rossellotramitacion.com\/en\/wp-json\/wp\/v2\/pages\/2","targetHints":{"allow":["GET"]}}],"collection":[{"href":"https:\/\/rossellotramitacion.com\/en\/wp-json\/wp\/v2\/pages"}],"about":[{"href":"https:\/\/rossellotramitacion.com\/en\/wp-json\/wp\/v2\/types\/page"}],"author":[{"embeddable":true,"href":"https:\/\/rossellotramitacion.com\/en\/wp-json\/wp\/v2\/users\/1"}],"replies":[{"embeddable":true,"href":"https:\/\/rossellotramitacion.com\/en\/wp-json\/wp\/v2\/comments?post=2"}],"version-history":[{"count":235,"href":"https:\/\/rossellotramitacion.com\/en\/wp-json\/wp\/v2\/pages\/2\/revisions"}],"predecessor-version":[{"id":597,"href":"https:\/\/rossellotramitacion.com\/en\/wp-json\/wp\/v2\/pages\/2\/revisions\/597"}],"wp:attachment":[{"href":"https:\/\/rossellotramitacion.com\/en\/wp-json\/wp\/v2\/media?parent=2"}],"curies":[{"name":"wp","href":"https:\/\/api.w.org\/{rel}","templated":true}]}}