{"id":10,"date":"2025-07-08T16:17:19","date_gmt":"2025-07-08T16:17:19","guid":{"rendered":"https:\/\/rossellotramitacion.rkinformatika.online\/?page_id=10"},"modified":"2025-07-09T14:37:48","modified_gmt":"2025-07-09T14:37:48","slug":"servicios","status":"publish","type":"page","link":"https:\/\/rossellotramitacion.com\/en\/servicios\/","title":{"rendered":"Services"},"content":{"rendered":"<div data-elementor-type=\"wp-page\" data-elementor-id=\"10\" class=\"elementor elementor-10\" data-elementor-post-type=\"page\">\n\t\t\t\t\t\t<section class=\"elementor-section elementor-top-section elementor-element elementor-element-cfa0269 elementor-section-boxed elementor-section-height-default elementor-section-height-default\" data-id=\"cfa0269\" data-element_type=\"section\" data-e-type=\"section\" data-settings=\"{&quot;background_background&quot;:&quot;classic&quot;}\">\n\t\t\t\t\t\t\t<div class=\"elementor-background-overlay\"><\/div>\n\t\t\t\t\t\t\t<div class=\"elementor-container elementor-column-gap-default\">\n\t\t\t\t\t<div class=\"elementor-column elementor-col-100 elementor-top-column elementor-element elementor-element-c5b4b4b\" data-id=\"c5b4b4b\" data-element_type=\"column\" data-e-type=\"column\">\n\t\t\t<div class=\"elementor-widget-wrap\">\n\t\t\t\t\t\t\t<\/div>\n\t\t<\/div>\n\t\t\t\t\t<\/div>\n\t\t<\/section>\n\t\t\t\t<section class=\"elementor-section elementor-top-section elementor-element elementor-element-d49f332 elementor-section-boxed elementor-section-height-default elementor-section-height-default\" data-id=\"d49f332\" data-element_type=\"section\" data-e-type=\"section\">\n\t\t\t\t\t\t<div class=\"elementor-container elementor-column-gap-default\">\n\t\t\t\t\t<div class=\"elementor-column elementor-col-50 elementor-top-column elementor-element elementor-element-7bb1e03\" data-id=\"7bb1e03\" data-element_type=\"column\" data-e-type=\"column\">\n\t\t\t<div class=\"elementor-widget-wrap elementor-element-populated\">\n\t\t\t\t\t\t<div class=\"elementor-element elementor-element-db3aeaf elementor-invisible elementor-widget elementor-widget-heading\" data-id=\"db3aeaf\" data-element_type=\"widget\" data-e-type=\"widget\" data-settings=\"{&quot;_animation&quot;:&quot;fadeIn&quot;,&quot;_animation_delay&quot;:100}\" data-widget_type=\"heading.default\">\n\t\t\t\t\t<h2 class=\"elementor-heading-title elementor-size-default\">Our Services<\/h2>\t\t\t\t<\/div>\n\t\t\t\t<div class=\"elementor-element elementor-element-d70101a elementor-widget elementor-widget-text-editor\" data-id=\"d70101a\" data-element_type=\"widget\" data-e-type=\"widget\" data-widget_type=\"text-editor.default\">\n\t\t\t\t\t\t\t\t\t<p>Nuestro Servicio abarca todo tipo de tramitaciones administrativas y relaciones con las administraciones p\u00fablicas, asegurando un manejo eficiente de cada proceso y una atenci\u00f3n personalizada que se adapta a las necesidades de cada cliente.<\/p>\t\t\t\t\t\t\t\t<\/div>\n\t\t\t\t\t<\/div>\n\t\t<\/div>\n\t\t\t\t<div class=\"elementor-column elementor-col-50 elementor-top-column elementor-element elementor-element-68fa60c\" data-id=\"68fa60c\" data-element_type=\"column\" data-e-type=\"column\">\n\t\t\t<div class=\"elementor-widget-wrap elementor-element-populated\">\n\t\t\t\t\t\t<div class=\"elementor-element elementor-element-e8c2c0a elementor-widget elementor-widget-image\" data-id=\"e8c2c0a\" data-element_type=\"widget\" data-e-type=\"widget\" data-widget_type=\"image.default\">\n\t\t\t\t\t\t\t\t\t\t\t\t\t\t\t<img fetchpriority=\"high\" decoding=\"async\" width=\"1500\" height=\"1001\" src=\"https:\/\/rossellotramitacion.com\/wp-content\/uploads\/2025\/07\/10829.jpg\" class=\"elementor-animation-buzz attachment-full size-full wp-image-215\" alt=\"\" srcset=\"https:\/\/rossellotramitacion.com\/wp-content\/uploads\/2025\/07\/10829.jpg 1500w, https:\/\/rossellotramitacion.com\/wp-content\/uploads\/2025\/07\/10829-300x200.jpg 300w, https:\/\/rossellotramitacion.com\/wp-content\/uploads\/2025\/07\/10829-1024x683.jpg 1024w, https:\/\/rossellotramitacion.com\/wp-content\/uploads\/2025\/07\/10829-768x513.jpg 768w, https:\/\/rossellotramitacion.com\/wp-content\/uploads\/2025\/07\/10829-18x12.jpg 18w\" sizes=\"(max-width: 1500px) 100vw, 1500px\" \/>\t\t\t\t\t\t\t\t\t\t\t\t\t\t\t<\/div>\n\t\t\t\t\t<\/div>\n\t\t<\/div>\n\t\t\t\t\t<\/div>\n\t\t<\/section>\n\t\t<div class=\"elementor-element elementor-element-8023a4e e-flex e-con-boxed e-con e-parent\" data-id=\"8023a4e\" data-element_type=\"container\" data-e-type=\"container\" data-settings=\"{&quot;background_background&quot;:&quot;classic&quot;}\">\n\t\t\t\t\t<div class=\"e-con-inner\">\n\t\t\t\t<div class=\"elementor-element elementor-element-d0ed1b1 elementor-invisible elementor-widget elementor-widget-heading\" data-id=\"d0ed1b1\" data-element_type=\"widget\" data-e-type=\"widget\" data-settings=\"{&quot;_animation&quot;:&quot;fadeInRight&quot;}\" data-widget_type=\"heading.default\">\n\t\t\t\t\t<h2 class=\"elementor-heading-title elementor-size-default\">\"No desperdicies tus ingresos y logra tus metas con nosotros\"<\/h2>\t\t\t\t<\/div>\n\t\t\t\t<div class=\"elementor-element elementor-element-44456a2 elementor-invisible elementor-widget elementor-widget-button\" data-id=\"44456a2\" data-element_type=\"widget\" data-e-type=\"widget\" data-settings=\"{&quot;_animation&quot;:&quot;fadeInLeft&quot;}\" data-widget_type=\"button.default\">\n\t\t\t\t\t\t\t\t\t\t<a class=\"elementor-button elementor-button-link elementor-size-sm elementor-animation-float\" href=\"\/en\/contacto\/\">\n\t\t\t\t\t\t<span class=\"elementor-button-content-wrapper\">\n\t\t\t\t\t\t\t\t\t<span class=\"elementor-button-text\">Cont\u00e1ctanos<\/span>\n\t\t\t\t\t<\/span>\n\t\t\t\t\t<\/a>\n\t\t\t\t\t\t\t\t<\/div>\n\t\t\t\t\t<\/div>\n\t\t\t\t<\/div>\n\t\t\t\t<section class=\"elementor-section elementor-top-section elementor-element elementor-element-66d8ff5 elementor-section-content-middle envato-kit-141 elementor-section-boxed elementor-section-height-default elementor-section-height-default\" data-id=\"66d8ff5\" data-element_type=\"section\" data-e-type=\"section\" data-settings=\"{&quot;background_background&quot;:&quot;classic&quot;}\">\n\t\t\t\t\t\t\t<div class=\"elementor-background-overlay\"><\/div>\n\t\t\t\t\t\t\t<div class=\"elementor-container elementor-column-gap-wide\">\n\t\t\t\t\t<div class=\"elementor-column elementor-col-100 elementor-top-column elementor-element elementor-element-1cdbaaf\" data-id=\"1cdbaaf\" data-element_type=\"column\" data-e-type=\"column\">\n\t\t\t<div class=\"elementor-widget-wrap elementor-element-populated\">\n\t\t\t\t\t\t<div class=\"elementor-element elementor-element-7b0fcd3 elementor-invisible elementor-widget elementor-widget-heading\" data-id=\"7b0fcd3\" data-element_type=\"widget\" data-e-type=\"widget\" data-settings=\"{&quot;_animation&quot;:&quot;fadeIn&quot;,&quot;_animation_delay&quot;:100}\" data-widget_type=\"heading.default\">\n\t\t\t\t\t<h2 class=\"elementor-heading-title elementor-size-default\">Nuestros servicios de planificaci\u00f3n financiera proporcionados <\/h2>\t\t\t\t<\/div>\n\t\t\t\t\t<\/div>\n\t\t<\/div>\n\t\t\t\t\t<\/div>\n\t\t<\/section>\n\t\t<div class=\"elementor-element elementor-element-e4e39f3 e-grid e-con-boxed e-con e-parent\" data-id=\"e4e39f3\" data-element_type=\"container\" data-e-type=\"container\">\n\t\t\t\t\t<div class=\"e-con-inner\">\n\t\t\t\t<div class=\"elementor-element elementor-element-08f98d7 elementor-cta--skin-cover elementor-animated-content elementor-bg-transform elementor-bg-transform-zoom-in elementor-widget elementor-widget-call-to-action\" data-id=\"08f98d7\" data-element_type=\"widget\" data-e-type=\"widget\" data-widget_type=\"call-to-action.default\">\n\t\t\t\t\t\t\t<div class=\"elementor-cta\">\n\t\t\t\t\t<div class=\"elementor-cta__bg-wrapper\">\n\t\t\t\t<div class=\"elementor-cta__bg elementor-bg\" style=\"background-image: url(https:\/\/rossellotramitacion.com\/wp-content\/uploads\/2025\/07\/2147919141.jpg);\" role=\"img\" aria-label=\"2147919141\"><\/div>\n\t\t\t\t<div class=\"elementor-cta__bg-overlay\"><\/div>\n\t\t\t<\/div>\n\t\t\t\t\t\t\t<div class=\"elementor-cta__content\">\n\t\t\t\t\n\t\t\t\t\t\t\t\t\t<h2 class=\"elementor-cta__title elementor-cta__content-item elementor-content-item elementor-animated-item--grow\">\n\t\t\t\t\t\tLa mediaci\u00f3n e intermediaci\u00f3n en la prestaci\u00f3n de servicios propios de la contabilidad\t\t\t\t\t<\/h2>\n\t\t\t\t\n\t\t\t\t\n\t\t\t\t\t\t\t<\/div>\n\t\t\t\t\t\t<\/div>\n\t\t\t\t\t\t<\/div>\n\t\t\t\t<div class=\"elementor-element elementor-element-7525e37 elementor-cta--skin-cover elementor-animated-content elementor-bg-transform elementor-bg-transform-zoom-in elementor-widget elementor-widget-call-to-action\" data-id=\"7525e37\" data-element_type=\"widget\" data-e-type=\"widget\" data-widget_type=\"call-to-action.default\">\n\t\t\t\t\t\t\t<div class=\"elementor-cta\">\n\t\t\t\t\t<div class=\"elementor-cta__bg-wrapper\">\n\t\t\t\t<div class=\"elementor-cta__bg elementor-bg\" style=\"background-image: url(https:\/\/rossellotramitacion.com\/wp-content\/uploads\/2025\/07\/658718.jpg);\" role=\"img\" aria-label=\"658718\"><\/div>\n\t\t\t\t<div class=\"elementor-cta__bg-overlay\"><\/div>\n\t\t\t<\/div>\n\t\t\t\t\t\t\t<div class=\"elementor-cta__content\">\n\t\t\t\t\n\t\t\t\t\t\t\t\t\t<h2 class=\"elementor-cta__title elementor-cta__content-item elementor-content-item elementor-animated-item--grow\">\n\t\t\t\t\t\tTenedur\u00eda de libros\t\t\t\t\t<\/h2>\n\t\t\t\t\n\t\t\t\t\n\t\t\t\t\t\t\t<\/div>\n\t\t\t\t\t\t<\/div>\n\t\t\t\t\t\t<\/div>\n\t\t\t\t<div class=\"elementor-element elementor-element-71501c2 elementor-cta--skin-cover elementor-animated-content elementor-bg-transform elementor-bg-transform-zoom-in elementor-widget elementor-widget-call-to-action\" data-id=\"71501c2\" data-element_type=\"widget\" data-e-type=\"widget\" data-widget_type=\"call-to-action.default\">\n\t\t\t\t\t\t\t<div class=\"elementor-cta\">\n\t\t\t\t\t<div class=\"elementor-cta__bg-wrapper\">\n\t\t\t\t<div class=\"elementor-cta__bg elementor-bg\" style=\"background-image: url(https:\/\/rossellotramitacion.com\/wp-content\/uploads\/2025\/07\/1207-1024x683.jpg);\" role=\"img\" aria-label=\"1207\"><\/div>\n\t\t\t\t<div class=\"elementor-cta__bg-overlay\"><\/div>\n\t\t\t<\/div>\n\t\t\t\t\t\t\t<div class=\"elementor-cta__content\">\n\t\t\t\t\n\t\t\t\t\t\t\t\t\t<h2 class=\"elementor-cta__title elementor-cta__content-item elementor-content-item elementor-animated-item--grow\">\n\t\t\t\t\t\tAsesoramiento fiscal, contable, econ\u00f3mico, financiero y laboral\t\t\t\t\t<\/h2>\n\t\t\t\t\n\t\t\t\t\n\t\t\t\t\t\t\t<\/div>\n\t\t\t\t\t\t<\/div>\n\t\t\t\t\t\t<\/div>\n\t\t\t\t<div class=\"elementor-element elementor-element-45d938d elementor-cta--skin-cover elementor-animated-content elementor-bg-transform elementor-bg-transform-zoom-in elementor-widget elementor-widget-call-to-action\" data-id=\"45d938d\" data-element_type=\"widget\" data-e-type=\"widget\" data-widget_type=\"call-to-action.default\">\n\t\t\t\t\t\t\t<div class=\"elementor-cta\">\n\t\t\t\t\t<div class=\"elementor-cta__bg-wrapper\">\n\t\t\t\t<div class=\"elementor-cta__bg elementor-bg\" style=\"background-image: url(https:\/\/rossellotramitacion.com\/wp-content\/uploads\/2025\/07\/708.jpg);\" role=\"img\" aria-label=\"708\"><\/div>\n\t\t\t\t<div class=\"elementor-cta__bg-overlay\"><\/div>\n\t\t\t<\/div>\n\t\t\t\t\t\t\t<div class=\"elementor-cta__content\">\n\t\t\t\t\n\t\t\t\t\t\t\t\t\t<h2 class=\"elementor-cta__title elementor-cta__content-item elementor-content-item elementor-animated-item--grow\">\n\t\t\t\t\t\tIntervenci\u00f3n en las relaciones de las personas f\u00edsicas y jur\u00eddicas con cualquier organismo oficial\t\t\t\t\t<\/h2>\n\t\t\t\t\n\t\t\t\t\n\t\t\t\t\t\t\t<\/div>\n\t\t\t\t\t\t<\/div>\n\t\t\t\t\t\t<\/div>\n\t\t\t\t<div class=\"elementor-element elementor-element-48ae930 elementor-align-center elementor-invisible elementor-widget elementor-widget-button\" data-id=\"48ae930\" data-element_type=\"widget\" data-e-type=\"widget\" data-settings=\"{&quot;_animation&quot;:&quot;fadeInLeft&quot;}\" data-widget_type=\"button.default\">\n\t\t\t\t\t\t\t\t\t\t<a class=\"elementor-button elementor-button-link elementor-size-sm elementor-animation-float\" href=\"\/en\/contacto\/\">\n\t\t\t\t\t\t<span class=\"elementor-button-content-wrapper\">\n\t\t\t\t\t\t\t\t\t<span class=\"elementor-button-text\">Cont\u00e1ctanos<\/span>\n\t\t\t\t\t<\/span>\n\t\t\t\t\t<\/a>\n\t\t\t\t\t\t\t\t<\/div>\n\t\t\t\t\t<\/div>\n\t\t\t\t<\/div>\n\t\t\t\t<\/div>","protected":false},"excerpt":{"rendered":"<p>Nuestros Servicios Nuestro Servicio abarca todo tipo de tramitaciones administrativas y relaciones con las administraciones p\u00fablicas, asegurando un manejo eficiente de cada proceso y una atenci\u00f3n personalizada que se adapta a las necesidades de cada cliente. \u00abNo desperdicies tus ingresos y logra tus metas con nosotros\u00bb Cont\u00e1ctanos Nuestros servicios de planificaci\u00f3n financiera proporcionados La mediaci\u00f3n [&hellip;]<\/p>\n","protected":false},"author":1,"featured_media":0,"parent":0,"menu_order":0,"comment_status":"closed","ping_status":"closed","template":"elementor_canvas","meta":{"footnotes":""},"class_list":["post-10","page","type-page","status-publish","hentry"],"yoast_head":"<!-- This site is optimized with the Yoast SEO plugin v27.3 - https:\/\/yoast.com\/product\/yoast-seo-wordpress\/ -->\n<title>Servicios - Rossello Tramitaci\u00f3n<\/title>\n<meta name=\"robots\" content=\"index, follow, max-snippet:-1, max-image-preview:large, max-video-preview:-1\" \/>\n<link rel=\"canonical\" href=\"https:\/\/rossellotramitacion.com\/en\/servicios\/\" \/>\n<meta property=\"og:locale\" content=\"en_US\" \/>\n<meta property=\"og:type\" content=\"article\" \/>\n<meta property=\"og:title\" content=\"Servicios - Rossello Tramitaci\u00f3n\" \/>\n<meta property=\"og:description\" content=\"Nuestros Servicios Nuestro Servicio abarca todo tipo de tramitaciones administrativas y relaciones con las administraciones p\u00fablicas, asegurando un manejo eficiente de cada proceso y una atenci\u00f3n personalizada que se adapta a las necesidades de cada cliente. \u00abNo desperdicies tus ingresos y logra tus metas con nosotros\u00bb Cont\u00e1ctanos Nuestros servicios de planificaci\u00f3n financiera proporcionados La mediaci\u00f3n [&hellip;]\" \/>\n<meta property=\"og:url\" content=\"https:\/\/rossellotramitacion.com\/en\/servicios\/\" \/>\n<meta property=\"og:site_name\" content=\"Rossello Tramitaci\u00f3n\" \/>\n<meta property=\"article:modified_time\" content=\"2025-07-09T14:37:48+00:00\" \/>\n<meta property=\"og:image\" content=\"https:\/\/rossellotramitacion.com\/wp-content\/uploads\/2025\/07\/10829.jpg\" \/>\n<meta name=\"twitter:card\" content=\"summary_large_image\" \/>\n<meta name=\"twitter:label1\" content=\"Est. reading time\" \/>\n\t<meta name=\"twitter:data1\" content=\"1 minute\" \/>\n<script type=\"application\/ld+json\" class=\"yoast-schema-graph\">{\"@context\":\"https:\\\/\\\/schema.org\",\"@graph\":[{\"@type\":\"WebPage\",\"@id\":\"https:\\\/\\\/rossellotramitacion.com\\\/servicios\\\/\",\"url\":\"https:\\\/\\\/rossellotramitacion.com\\\/servicios\\\/\",\"name\":\"Servicios - Rossello Tramitaci\u00f3n\",\"isPartOf\":{\"@id\":\"https:\\\/\\\/rossellotramitacion.com\\\/#website\"},\"primaryImageOfPage\":{\"@id\":\"https:\\\/\\\/rossellotramitacion.com\\\/servicios\\\/#primaryimage\"},\"image\":{\"@id\":\"https:\\\/\\\/rossellotramitacion.com\\\/servicios\\\/#primaryimage\"},\"thumbnailUrl\":\"https:\\\/\\\/rossellotramitacion.com\\\/wp-content\\\/uploads\\\/2025\\\/07\\\/10829.jpg\",\"datePublished\":\"2025-07-08T16:17:19+00:00\",\"dateModified\":\"2025-07-09T14:37:48+00:00\",\"breadcrumb\":{\"@id\":\"https:\\\/\\\/rossellotramitacion.com\\\/servicios\\\/#breadcrumb\"},\"inLanguage\":\"en-US\",\"potentialAction\":[{\"@type\":\"ReadAction\",\"target\":[\"https:\\\/\\\/rossellotramitacion.com\\\/servicios\\\/\"]}]},{\"@type\":\"ImageObject\",\"inLanguage\":\"en-US\",\"@id\":\"https:\\\/\\\/rossellotramitacion.com\\\/servicios\\\/#primaryimage\",\"url\":\"https:\\\/\\\/rossellotramitacion.com\\\/wp-content\\\/uploads\\\/2025\\\/07\\\/10829.jpg\",\"contentUrl\":\"https:\\\/\\\/rossellotramitacion.com\\\/wp-content\\\/uploads\\\/2025\\\/07\\\/10829.jpg\"},{\"@type\":\"BreadcrumbList\",\"@id\":\"https:\\\/\\\/rossellotramitacion.com\\\/servicios\\\/#breadcrumb\",\"itemListElement\":[{\"@type\":\"ListItem\",\"position\":1,\"name\":\"Portada\",\"item\":\"https:\\\/\\\/rossellotramitacion.com\\\/\"},{\"@type\":\"ListItem\",\"position\":2,\"name\":\"Servicios\"}]},{\"@type\":\"WebSite\",\"@id\":\"https:\\\/\\\/rossellotramitacion.com\\\/#website\",\"url\":\"https:\\\/\\\/rossellotramitacion.com\\\/\",\"name\":\"Rossello Tramitaci\u00f3n\",\"description\":\"Rossello Tramitaci\u00f3n\",\"publisher\":{\"@id\":\"https:\\\/\\\/rossellotramitacion.com\\\/#organization\"},\"potentialAction\":[{\"@type\":\"SearchAction\",\"target\":{\"@type\":\"EntryPoint\",\"urlTemplate\":\"https:\\\/\\\/rossellotramitacion.com\\\/?s={search_term_string}\"},\"query-input\":{\"@type\":\"PropertyValueSpecification\",\"valueRequired\":true,\"valueName\":\"search_term_string\"}}],\"inLanguage\":\"en-US\"},{\"@type\":\"Organization\",\"@id\":\"https:\\\/\\\/rossellotramitacion.com\\\/#organization\",\"name\":\"Rossello Tramitaci\u00f3n\",\"url\":\"https:\\\/\\\/rossellotramitacion.com\\\/\",\"logo\":{\"@type\":\"ImageObject\",\"inLanguage\":\"en-US\",\"@id\":\"https:\\\/\\\/rossellotramitacion.com\\\/#\\\/schema\\\/logo\\\/image\\\/\",\"url\":\"https:\\\/\\\/rossellotramitacion.com\\\/wp-content\\\/uploads\\\/2025\\\/07\\\/cropped-logo_rojo_p-removebg-preview.png\",\"contentUrl\":\"https:\\\/\\\/rossellotramitacion.com\\\/wp-content\\\/uploads\\\/2025\\\/07\\\/cropped-logo_rojo_p-removebg-preview.png\",\"width\":340,\"height\":104,\"caption\":\"Rossello Tramitaci\u00f3n\"},\"image\":{\"@id\":\"https:\\\/\\\/rossellotramitacion.com\\\/#\\\/schema\\\/logo\\\/image\\\/\"}}]}<\/script>\n<!-- \/ Yoast SEO plugin. -->","yoast_head_json":{"title":"Servicios - Rossello Tramitaci\u00f3n","robots":{"index":"index","follow":"follow","max-snippet":"max-snippet:-1","max-image-preview":"max-image-preview:large","max-video-preview":"max-video-preview:-1"},"canonical":"https:\/\/rossellotramitacion.com\/en\/servicios\/","og_locale":"en_US","og_type":"article","og_title":"Servicios - Rossello Tramitaci\u00f3n","og_description":"Nuestros Servicios Nuestro Servicio abarca todo tipo de tramitaciones administrativas y relaciones con las administraciones p\u00fablicas, asegurando un manejo eficiente de cada proceso y una atenci\u00f3n personalizada que se adapta a las necesidades de cada cliente. \u00abNo desperdicies tus ingresos y logra tus metas con nosotros\u00bb Cont\u00e1ctanos Nuestros servicios de planificaci\u00f3n financiera proporcionados La mediaci\u00f3n [&hellip;]","og_url":"https:\/\/rossellotramitacion.com\/en\/servicios\/","og_site_name":"Rossello Tramitaci\u00f3n","article_modified_time":"2025-07-09T14:37:48+00:00","og_image":[{"url":"https:\/\/rossellotramitacion.com\/wp-content\/uploads\/2025\/07\/10829.jpg","type":"","width":"","height":""}],"twitter_card":"summary_large_image","twitter_misc":{"Est. reading time":"1 minute"},"schema":{"@context":"https:\/\/schema.org","@graph":[{"@type":"WebPage","@id":"https:\/\/rossellotramitacion.com\/servicios\/","url":"https:\/\/rossellotramitacion.com\/servicios\/","name":"Servicios - Rossello Tramitaci\u00f3n","isPartOf":{"@id":"https:\/\/rossellotramitacion.com\/#website"},"primaryImageOfPage":{"@id":"https:\/\/rossellotramitacion.com\/servicios\/#primaryimage"},"image":{"@id":"https:\/\/rossellotramitacion.com\/servicios\/#primaryimage"},"thumbnailUrl":"https:\/\/rossellotramitacion.com\/wp-content\/uploads\/2025\/07\/10829.jpg","datePublished":"2025-07-08T16:17:19+00:00","dateModified":"2025-07-09T14:37:48+00:00","breadcrumb":{"@id":"https:\/\/rossellotramitacion.com\/servicios\/#breadcrumb"},"inLanguage":"en-US","potentialAction":[{"@type":"ReadAction","target":["https:\/\/rossellotramitacion.com\/servicios\/"]}]},{"@type":"ImageObject","inLanguage":"en-US","@id":"https:\/\/rossellotramitacion.com\/servicios\/#primaryimage","url":"https:\/\/rossellotramitacion.com\/wp-content\/uploads\/2025\/07\/10829.jpg","contentUrl":"https:\/\/rossellotramitacion.com\/wp-content\/uploads\/2025\/07\/10829.jpg"},{"@type":"BreadcrumbList","@id":"https:\/\/rossellotramitacion.com\/servicios\/#breadcrumb","itemListElement":[{"@type":"ListItem","position":1,"name":"Portada","item":"https:\/\/rossellotramitacion.com\/"},{"@type":"ListItem","position":2,"name":"Servicios"}]},{"@type":"WebSite","@id":"https:\/\/rossellotramitacion.com\/#website","url":"https:\/\/rossellotramitacion.com\/","name":"Rossello Tramitaci\u00f3n","description":"Rossello Tramitaci\u00f3n","publisher":{"@id":"https:\/\/rossellotramitacion.com\/#organization"},"potentialAction":[{"@type":"SearchAction","target":{"@type":"EntryPoint","urlTemplate":"https:\/\/rossellotramitacion.com\/?s={search_term_string}"},"query-input":{"@type":"PropertyValueSpecification","valueRequired":true,"valueName":"search_term_string"}}],"inLanguage":"en-US"},{"@type":"Organization","@id":"https:\/\/rossellotramitacion.com\/#organization","name":"Rossello Tramitaci\u00f3n","url":"https:\/\/rossellotramitacion.com\/","logo":{"@type":"ImageObject","inLanguage":"en-US","@id":"https:\/\/rossellotramitacion.com\/#\/schema\/logo\/image\/","url":"https:\/\/rossellotramitacion.com\/wp-content\/uploads\/2025\/07\/cropped-logo_rojo_p-removebg-preview.png","contentUrl":"https:\/\/rossellotramitacion.com\/wp-content\/uploads\/2025\/07\/cropped-logo_rojo_p-removebg-preview.png","width":340,"height":104,"caption":"Rossello Tramitaci\u00f3n"},"image":{"@id":"https:\/\/rossellotramitacion.com\/#\/schema\/logo\/image\/"}}]}},"_links":{"self":[{"href":"https:\/\/rossellotramitacion.com\/en\/wp-json\/wp\/v2\/pages\/10","targetHints":{"allow":["GET"]}}],"collection":[{"href":"https:\/\/rossellotramitacion.com\/en\/wp-json\/wp\/v2\/pages"}],"about":[{"href":"https:\/\/rossellotramitacion.com\/en\/wp-json\/wp\/v2\/types\/page"}],"author":[{"embeddable":true,"href":"https:\/\/rossellotramitacion.com\/en\/wp-json\/wp\/v2\/users\/1"}],"replies":[{"embeddable":true,"href":"https:\/\/rossellotramitacion.com\/en\/wp-json\/wp\/v2\/comments?post=10"}],"version-history":[{"count":133,"href":"https:\/\/rossellotramitacion.com\/en\/wp-json\/wp\/v2\/pages\/10\/revisions"}],"predecessor-version":[{"id":603,"href":"https:\/\/rossellotramitacion.com\/en\/wp-json\/wp\/v2\/pages\/10\/revisions\/603"}],"wp:attachment":[{"href":"https:\/\/rossellotramitacion.com\/en\/wp-json\/wp\/v2\/media?parent=10"}],"curies":[{"name":"wp","href":"https:\/\/api.w.org\/{rel}","templated":true}]}}